{"id":1290,"date":"2025-08-21T06:36:50","date_gmt":"2025-08-21T06:36:50","guid":{"rendered":"https:\/\/bloom.immedia.ch\/services\/"},"modified":"2025-09-19T13:15:26","modified_gmt":"2025-09-19T13:15:26","slug":"services","status":"publish","type":"page","link":"https:\/\/bloom-lausanne.ch\/en\/services\/","title":{"rendered":"Services"},"content":{"rendered":"\t\t<div data-elementor-type=\"wp-page\" data-elementor-id=\"1290\" class=\"elementor elementor-1290 elementor-61\" data-elementor-post-type=\"page\">\n\t\t\t\t<div class=\"elementor-element elementor-element-2fa6e74 e-con-full e-flex e-con e-parent\" data-id=\"2fa6e74\" data-element_type=\"container\">\n\t\t<div class=\"elementor-element elementor-element-234cc9c e-con-full e-flex e-con e-child\" data-id=\"234cc9c\" data-element_type=\"container\">\n\t\t\t\t<div class=\"elementor-element elementor-element-ae18e47 elementor-widget elementor-widget-heading\" data-id=\"ae18e47\" data-element_type=\"widget\" data-widget_type=\"heading.default\">\n\t\t\t\t\t<h2 class=\"elementor-heading-title elementor-size-default\">All the comforts<\/h2>\t\t\t\t<\/div>\n\t\t\t\t<div class=\"elementor-element elementor-element-35dc553 elementor-widget elementor-widget-text-editor\" data-id=\"35dc553\" data-element_type=\"widget\" data-widget_type=\"text-editor.default\">\n\t\t\t\t\t\t\t\t\t<p>Are you self-employed, in the start-up phase, or in transition, and would you like to have access to a fully equipped office, meeting rooms, and services to facilitate your work? Vous \u00eates travailleur ind\u00e9pendant, en phase de d\u00e9marrage ou en transition, et vous souhaitez avoir acc\u00e8s \u00e0 un bureau enti\u00e8rement \u00e9quip\u00e9, \u00e0 des salles de r\u00e9union et \u00e0 des services pour faciliter votre travail ?<br><\/p>\t\t\t\t\t\t\t\t<\/div>\n\t\t\t\t<\/div>\n\t\t\t\t<\/div>\n\t\t<div class=\"elementor-element elementor-element-f3cb085 e-con-full e-flex e-con e-parent\" data-id=\"f3cb085\" data-element_type=\"container\">\n\t\t<div class=\"elementor-element elementor-element-d33a3a5 e-con-full e-flex e-con e-child\" data-id=\"d33a3a5\" data-element_type=\"container\">\n\t\t\t\t<div class=\"elementor-element elementor-element-02e55c4 elementor-widget elementor-widget-image\" data-id=\"02e55c4\" data-element_type=\"widget\" data-widget_type=\"image.default\">\n\t\t\t\t\t\t\t\t\t\t\t\t\t\t\t<img fetchpriority=\"high\" decoding=\"async\" width=\"800\" height=\"534\" src=\"https:\/\/bloom-lausanne.ch\/wp-content\/uploads\/2025\/08\/Immedia_BLOOM_V2_Aria-Snaps_060-1024x683.jpg\" class=\"attachment-large size-large wp-image-890\" alt=\"\" srcset=\"https:\/\/bloom-lausanne.ch\/wp-content\/uploads\/2025\/08\/Immedia_BLOOM_V2_Aria-Snaps_060-1024x683.jpg 1024w, https:\/\/bloom-lausanne.ch\/wp-content\/uploads\/2025\/08\/Immedia_BLOOM_V2_Aria-Snaps_060-300x200.jpg 300w, https:\/\/bloom-lausanne.ch\/wp-content\/uploads\/2025\/08\/Immedia_BLOOM_V2_Aria-Snaps_060-768x512.jpg 768w, https:\/\/bloom-lausanne.ch\/wp-content\/uploads\/2025\/08\/Immedia_BLOOM_V2_Aria-Snaps_060.jpg 1200w\" sizes=\"(max-width: 800px) 100vw, 800px\" \/>\t\t\t\t\t\t\t\t\t\t\t\t\t\t\t<\/div>\n\t\t\t\t<div class=\"elementor-element elementor-element-85de16a elementor-widget elementor-widget-heading\" data-id=\"85de16a\" data-element_type=\"widget\" data-widget_type=\"heading.default\">\n\t\t\t\t\t<h2 class=\"elementor-heading-title elementor-size-default\">Seminar romms<\/h2>\t\t\t\t<\/div>\n\t\t\t\t<div class=\"elementor-element elementor-element-7390b9e elementor-widget elementor-widget-text-editor\" data-id=\"7390b9e\" data-element_type=\"widget\" data-widget_type=\"text-editor.default\">\n\t\t\t\t\t\t\t\t\t<p>Seminar rooms for 50 to 150 people.<\/p>\t\t\t\t\t\t\t\t<\/div>\n\t\t\t\t<\/div>\n\t\t<div class=\"elementor-element elementor-element-7b10b51 e-con-full e-flex e-con e-child\" data-id=\"7b10b51\" data-element_type=\"container\">\n\t\t\t\t<div class=\"elementor-element elementor-element-4631a49 elementor-widget elementor-widget-image\" data-id=\"4631a49\" data-element_type=\"widget\" data-widget_type=\"image.default\">\n\t\t\t\t\t\t\t\t\t\t\t\t\t\t\t<img decoding=\"async\" width=\"800\" height=\"534\" src=\"https:\/\/bloom-lausanne.ch\/wp-content\/uploads\/2025\/08\/Immedia_BLOOM_V2_Aria-Snaps_121-1024x683.jpg\" class=\"attachment-large size-large wp-image-1012\" alt=\"\" srcset=\"https:\/\/bloom-lausanne.ch\/wp-content\/uploads\/2025\/08\/Immedia_BLOOM_V2_Aria-Snaps_121-1024x683.jpg 1024w, https:\/\/bloom-lausanne.ch\/wp-content\/uploads\/2025\/08\/Immedia_BLOOM_V2_Aria-Snaps_121-300x200.jpg 300w, https:\/\/bloom-lausanne.ch\/wp-content\/uploads\/2025\/08\/Immedia_BLOOM_V2_Aria-Snaps_121-768x512.jpg 768w, https:\/\/bloom-lausanne.ch\/wp-content\/uploads\/2025\/08\/Immedia_BLOOM_V2_Aria-Snaps_121.jpg 1200w\" sizes=\"(max-width: 800px) 100vw, 800px\" \/>\t\t\t\t\t\t\t\t\t\t\t\t\t\t\t<\/div>\n\t\t\t\t<div class=\"elementor-element elementor-element-8504b77 elementor-widget elementor-widget-heading\" data-id=\"8504b77\" data-element_type=\"widget\" data-widget_type=\"heading.default\">\n\t\t\t\t\t<h2 class=\"elementor-heading-title elementor-size-default\">VIP room<\/h2>\t\t\t\t<\/div>\n\t\t\t\t<div class=\"elementor-element elementor-element-6637e54 elementor-widget elementor-widget-text-editor\" data-id=\"6637e54\" data-element_type=\"widget\" data-widget_type=\"text-editor.default\">\n\t\t\t\t\t\t\t\t\t<p>VIP meeting room, accessible via the main or secondary entrance.<\/p>\t\t\t\t\t\t\t\t<\/div>\n\t\t\t\t<\/div>\n\t\t<div class=\"elementor-element elementor-element-95d01ee e-con-full e-flex e-con e-child\" data-id=\"95d01ee\" data-element_type=\"container\">\n\t\t\t\t<div class=\"elementor-element elementor-element-2eed37b elementor-widget elementor-widget-image\" data-id=\"2eed37b\" data-element_type=\"widget\" data-widget_type=\"image.default\">\n\t\t\t\t\t\t\t\t\t\t\t\t\t\t\t<img decoding=\"async\" width=\"800\" height=\"534\" src=\"https:\/\/bloom-lausanne.ch\/wp-content\/uploads\/2025\/08\/Immedia_BLOOM_V2_Aria-Snaps_055-1024x683.jpg\" class=\"attachment-large size-large wp-image-880\" alt=\"\" srcset=\"https:\/\/bloom-lausanne.ch\/wp-content\/uploads\/2025\/08\/Immedia_BLOOM_V2_Aria-Snaps_055-1024x683.jpg 1024w, https:\/\/bloom-lausanne.ch\/wp-content\/uploads\/2025\/08\/Immedia_BLOOM_V2_Aria-Snaps_055-300x200.jpg 300w, https:\/\/bloom-lausanne.ch\/wp-content\/uploads\/2025\/08\/Immedia_BLOOM_V2_Aria-Snaps_055-768x512.jpg 768w, https:\/\/bloom-lausanne.ch\/wp-content\/uploads\/2025\/08\/Immedia_BLOOM_V2_Aria-Snaps_055.jpg 1200w\" sizes=\"(max-width: 800px) 100vw, 800px\" \/>\t\t\t\t\t\t\t\t\t\t\t\t\t\t\t<\/div>\n\t\t\t\t<div class=\"elementor-element elementor-element-b5c92a1 elementor-widget elementor-widget-heading\" data-id=\"b5c92a1\" data-element_type=\"widget\" data-widget_type=\"heading.default\">\n\t\t\t\t\t<h2 class=\"elementor-heading-title elementor-size-default\">Teleconference room<\/h2>\t\t\t\t<\/div>\n\t\t\t\t<div class=\"elementor-element elementor-element-a877d86 elementor-widget elementor-widget-text-editor\" data-id=\"a877d86\" data-element_type=\"widget\" data-widget_type=\"text-editor.default\">\n\t\t\t\t\t\t\t\t\t<p>Digital meeting room with state-of-the-art equipment.<\/p>\t\t\t\t\t\t\t\t<\/div>\n\t\t\t\t<\/div>\n\t\t<div class=\"elementor-element elementor-element-49dc32a e-con-full e-flex e-con e-child\" data-id=\"49dc32a\" data-element_type=\"container\">\n\t\t\t\t<div class=\"elementor-element elementor-element-d8af987 elementor-widget elementor-widget-image\" data-id=\"d8af987\" data-element_type=\"widget\" data-widget_type=\"image.default\">\n\t\t\t\t\t\t\t\t\t\t\t\t\t\t\t<img loading=\"lazy\" decoding=\"async\" width=\"800\" height=\"534\" src=\"https:\/\/bloom-lausanne.ch\/wp-content\/uploads\/2025\/08\/Immedia_BLOOM_V2_Aria-Snaps_054-1024x683.jpg\" class=\"attachment-large size-large wp-image-878\" alt=\"\" srcset=\"https:\/\/bloom-lausanne.ch\/wp-content\/uploads\/2025\/08\/Immedia_BLOOM_V2_Aria-Snaps_054-1024x683.jpg 1024w, https:\/\/bloom-lausanne.ch\/wp-content\/uploads\/2025\/08\/Immedia_BLOOM_V2_Aria-Snaps_054-300x200.jpg 300w, https:\/\/bloom-lausanne.ch\/wp-content\/uploads\/2025\/08\/Immedia_BLOOM_V2_Aria-Snaps_054-768x512.jpg 768w, https:\/\/bloom-lausanne.ch\/wp-content\/uploads\/2025\/08\/Immedia_BLOOM_V2_Aria-Snaps_054.jpg 1200w\" sizes=\"(max-width: 800px) 100vw, 800px\" \/>\t\t\t\t\t\t\t\t\t\t\t\t\t\t\t<\/div>\n\t\t\t\t<div class=\"elementor-element elementor-element-b0aec84 elementor-widget elementor-widget-heading\" data-id=\"b0aec84\" data-element_type=\"widget\" data-widget_type=\"heading.default\">\n\t\t\t\t\t<h2 class=\"elementor-heading-title elementor-size-default\">Reception<\/h2>\t\t\t\t<\/div>\n\t\t\t\t<div class=\"elementor-element elementor-element-716c523 elementor-widget elementor-widget-text-editor\" data-id=\"716c523\" data-element_type=\"widget\" data-widget_type=\"text-editor.default\">\n\t\t\t\t\t\t\t\t\t<p>Bloom offers a centralized reception service for welcoming your visitors.<\/p>\t\t\t\t\t\t\t\t<\/div>\n\t\t\t\t<\/div>\n\t\t\t\t<\/div>\n\t\t<div class=\"elementor-element elementor-element-9724de7 e-con-full e-flex e-con e-parent\" data-id=\"9724de7\" data-element_type=\"container\">\n\t\t<div class=\"elementor-element elementor-element-9fa28c5 e-con-full e-flex e-con e-child\" data-id=\"9fa28c5\" data-element_type=\"container\">\n\t\t\t\t<div class=\"elementor-element elementor-element-e0f79bd elementor-widget elementor-widget-image\" data-id=\"e0f79bd\" data-element_type=\"widget\" data-widget_type=\"image.default\">\n\t\t\t\t\t\t\t\t\t\t\t\t\t\t\t<img loading=\"lazy\" decoding=\"async\" width=\"800\" height=\"534\" src=\"https:\/\/bloom-lausanne.ch\/wp-content\/uploads\/2025\/08\/Immedia_BLOOM_V2_Aria-Snaps_068-1024x683.jpg\" class=\"attachment-large size-large wp-image-906\" alt=\"\" srcset=\"https:\/\/bloom-lausanne.ch\/wp-content\/uploads\/2025\/08\/Immedia_BLOOM_V2_Aria-Snaps_068-1024x683.jpg 1024w, https:\/\/bloom-lausanne.ch\/wp-content\/uploads\/2025\/08\/Immedia_BLOOM_V2_Aria-Snaps_068-300x200.jpg 300w, https:\/\/bloom-lausanne.ch\/wp-content\/uploads\/2025\/08\/Immedia_BLOOM_V2_Aria-Snaps_068-768x512.jpg 768w, https:\/\/bloom-lausanne.ch\/wp-content\/uploads\/2025\/08\/Immedia_BLOOM_V2_Aria-Snaps_068.jpg 1200w\" sizes=\"(max-width: 800px) 100vw, 800px\" \/>\t\t\t\t\t\t\t\t\t\t\t\t\t\t\t<\/div>\n\t\t\t\t<div class=\"elementor-element elementor-element-6940882 elementor-widget elementor-widget-heading\" data-id=\"6940882\" data-element_type=\"widget\" data-widget_type=\"heading.default\">\n\t\t\t\t\t<h2 class=\"elementor-heading-title elementor-size-default\">Bicycle parking<\/h2>\t\t\t\t<\/div>\n\t\t\t\t<div class=\"elementor-element elementor-element-e6ca24d elementor-widget elementor-widget-text-editor\" data-id=\"e6ca24d\" data-element_type=\"widget\" data-widget_type=\"text-editor.default\">\n\t\t\t\t\t\t\t\t\t<p>600 m<sup>2<\/sup> of parking space for bicycles, cargo bikes, and electric bikes.<\/p>\t\t\t\t\t\t\t\t<\/div>\n\t\t\t\t<\/div>\n\t\t<div class=\"elementor-element elementor-element-6d93ffc e-con-full e-flex e-con e-child\" data-id=\"6d93ffc\" data-element_type=\"container\">\n\t\t\t\t<div class=\"elementor-element elementor-element-19316d2 elementor-widget elementor-widget-image\" data-id=\"19316d2\" data-element_type=\"widget\" data-widget_type=\"image.default\">\n\t\t\t\t\t\t\t\t\t\t\t\t\t\t\t<img loading=\"lazy\" decoding=\"async\" width=\"800\" height=\"534\" src=\"https:\/\/bloom-lausanne.ch\/wp-content\/uploads\/2025\/08\/Immedia_BLOOM_V2_Aria-Snaps_126-1024x683.jpg\" class=\"attachment-large size-large wp-image-1022\" alt=\"\" srcset=\"https:\/\/bloom-lausanne.ch\/wp-content\/uploads\/2025\/08\/Immedia_BLOOM_V2_Aria-Snaps_126-1024x683.jpg 1024w, https:\/\/bloom-lausanne.ch\/wp-content\/uploads\/2025\/08\/Immedia_BLOOM_V2_Aria-Snaps_126-300x200.jpg 300w, https:\/\/bloom-lausanne.ch\/wp-content\/uploads\/2025\/08\/Immedia_BLOOM_V2_Aria-Snaps_126-768x512.jpg 768w, https:\/\/bloom-lausanne.ch\/wp-content\/uploads\/2025\/08\/Immedia_BLOOM_V2_Aria-Snaps_126.jpg 1200w\" sizes=\"(max-width: 800px) 100vw, 800px\" \/>\t\t\t\t\t\t\t\t\t\t\t\t\t\t\t<\/div>\n\t\t\t\t<div class=\"elementor-element elementor-element-a3a08fa elementor-widget elementor-widget-heading\" data-id=\"a3a08fa\" data-element_type=\"widget\" data-widget_type=\"heading.default\">\n\t\t\t\t\t<h2 class=\"elementor-heading-title elementor-size-default\">Visitor parking<\/h2>\t\t\t\t<\/div>\n\t\t\t\t<div class=\"elementor-element elementor-element-a169803 elementor-widget elementor-widget-text-editor\" data-id=\"a169803\" data-element_type=\"widget\" data-widget_type=\"text-editor.default\">\n\t\t\t\t\t\t\t\t\t<p>40 outdoor seats and 80 covered seats so your customers can visit you without any hassle.<\/p>\t\t\t\t\t\t\t\t<\/div>\n\t\t\t\t<\/div>\n\t\t<div class=\"elementor-element elementor-element-ac73135 e-con-full e-flex e-con e-child\" data-id=\"ac73135\" data-element_type=\"container\">\n\t\t\t\t<div class=\"elementor-element elementor-element-6e4fa6c elementor-widget elementor-widget-image\" data-id=\"6e4fa6c\" data-element_type=\"widget\" data-widget_type=\"image.default\">\n\t\t\t\t\t\t\t\t\t\t\t\t\t\t\t<img loading=\"lazy\" decoding=\"async\" width=\"800\" height=\"534\" src=\"https:\/\/bloom-lausanne.ch\/wp-content\/uploads\/2025\/08\/Immedia_BLOOM_V2_Aria-Snaps_123-1024x683.jpg\" class=\"attachment-large size-large wp-image-1016\" alt=\"\" srcset=\"https:\/\/bloom-lausanne.ch\/wp-content\/uploads\/2025\/08\/Immedia_BLOOM_V2_Aria-Snaps_123-1024x683.jpg 1024w, https:\/\/bloom-lausanne.ch\/wp-content\/uploads\/2025\/08\/Immedia_BLOOM_V2_Aria-Snaps_123-300x200.jpg 300w, https:\/\/bloom-lausanne.ch\/wp-content\/uploads\/2025\/08\/Immedia_BLOOM_V2_Aria-Snaps_123-768x512.jpg 768w, https:\/\/bloom-lausanne.ch\/wp-content\/uploads\/2025\/08\/Immedia_BLOOM_V2_Aria-Snaps_123.jpg 1200w\" sizes=\"(max-width: 800px) 100vw, 800px\" \/>\t\t\t\t\t\t\t\t\t\t\t\t\t\t\t<\/div>\n\t\t\t\t<div class=\"elementor-element elementor-element-64a8694 elementor-widget elementor-widget-heading\" data-id=\"64a8694\" data-element_type=\"widget\" data-widget_type=\"heading.default\">\n\t\t\t\t\t<h2 class=\"elementor-heading-title elementor-size-default\">Employee parking<\/h2>\t\t\t\t<\/div>\n\t\t\t\t<div class=\"elementor-element elementor-element-aba6f14 elementor-widget elementor-widget-text-editor\" data-id=\"aba6f14\" data-element_type=\"widget\" data-widget_type=\"text-editor.default\">\n\t\t\t\t\t\t\t\t\t<p>300 underground parking spaces available for your employees.<\/p>\t\t\t\t\t\t\t\t<\/div>\n\t\t\t\t<\/div>\n\t\t<div class=\"elementor-element elementor-element-75f40f7 e-con-full e-flex e-con e-child\" data-id=\"75f40f7\" data-element_type=\"container\">\n\t\t\t\t<div class=\"elementor-element elementor-element-7aed1b4 elementor-widget elementor-widget-image\" data-id=\"7aed1b4\" data-element_type=\"widget\" data-widget_type=\"image.default\">\n\t\t\t\t\t\t\t\t\t\t\t\t\t\t\t<img loading=\"lazy\" decoding=\"async\" width=\"800\" height=\"534\" src=\"https:\/\/bloom-lausanne.ch\/wp-content\/uploads\/2025\/08\/Immedia_BLOOM_V2_Aria-Snaps_002-1024x683.jpg\" class=\"attachment-large size-large wp-image-774\" alt=\"\" srcset=\"https:\/\/bloom-lausanne.ch\/wp-content\/uploads\/2025\/08\/Immedia_BLOOM_V2_Aria-Snaps_002-1024x683.jpg 1024w, https:\/\/bloom-lausanne.ch\/wp-content\/uploads\/2025\/08\/Immedia_BLOOM_V2_Aria-Snaps_002-300x200.jpg 300w, https:\/\/bloom-lausanne.ch\/wp-content\/uploads\/2025\/08\/Immedia_BLOOM_V2_Aria-Snaps_002-768x512.jpg 768w, https:\/\/bloom-lausanne.ch\/wp-content\/uploads\/2025\/08\/Immedia_BLOOM_V2_Aria-Snaps_002.jpg 1200w\" sizes=\"(max-width: 800px) 100vw, 800px\" \/>\t\t\t\t\t\t\t\t\t\t\t\t\t\t\t<\/div>\n\t\t\t\t<div class=\"elementor-element elementor-element-f524a1f elementor-widget elementor-widget-heading\" data-id=\"f524a1f\" data-element_type=\"widget\" data-widget_type=\"heading.default\">\n\t\t\t\t\t<h2 class=\"elementor-heading-title elementor-size-default\">Sustainable transportation<\/h2>\t\t\t\t<\/div>\n\t\t\t\t<div class=\"elementor-element elementor-element-bcd5c86 elementor-widget elementor-widget-text-editor\" data-id=\"bcd5c86\" data-element_type=\"widget\" data-widget_type=\"text-editor.default\">\n\t\t\t\t\t\t\t\t\t<p>Bloom is easily accessible by public transportation, bicycle, or on foot.<\/p>\t\t\t\t\t\t\t\t<\/div>\n\t\t\t\t<\/div>\n\t\t\t\t<\/div>\n\t\t<div class=\"elementor-element elementor-element-458cf0d e-con-full e-flex e-con e-parent\" data-id=\"458cf0d\" data-element_type=\"container\">\n\t\t<div class=\"elementor-element elementor-element-c73ddc6 e-con-full e-flex e-con e-child\" data-id=\"c73ddc6\" data-element_type=\"container\">\n\t\t\t\t<div class=\"elementor-element elementor-element-e3aea2c elementor-widget elementor-widget-image\" data-id=\"e3aea2c\" data-element_type=\"widget\" data-widget_type=\"image.default\">\n\t\t\t\t\t\t\t\t\t\t\t\t\t\t\t<img loading=\"lazy\" decoding=\"async\" width=\"800\" height=\"534\" src=\"https:\/\/bloom-lausanne.ch\/wp-content\/uploads\/2025\/08\/Immedia_BLOOM_V2_Aria-Snaps_135-1024x683.jpg\" class=\"attachment-large size-large wp-image-1040\" alt=\"\" srcset=\"https:\/\/bloom-lausanne.ch\/wp-content\/uploads\/2025\/08\/Immedia_BLOOM_V2_Aria-Snaps_135-1024x683.jpg 1024w, https:\/\/bloom-lausanne.ch\/wp-content\/uploads\/2025\/08\/Immedia_BLOOM_V2_Aria-Snaps_135-300x200.jpg 300w, https:\/\/bloom-lausanne.ch\/wp-content\/uploads\/2025\/08\/Immedia_BLOOM_V2_Aria-Snaps_135-768x512.jpg 768w, https:\/\/bloom-lausanne.ch\/wp-content\/uploads\/2025\/08\/Immedia_BLOOM_V2_Aria-Snaps_135.jpg 1200w\" sizes=\"(max-width: 800px) 100vw, 800px\" \/>\t\t\t\t\t\t\t\t\t\t\t\t\t\t\t<\/div>\n\t\t\t\t<div class=\"elementor-element elementor-element-ac47e71 elementor-widget elementor-widget-heading\" data-id=\"ac47e71\" data-element_type=\"widget\" data-widget_type=\"heading.default\">\n\t\t\t\t\t<h2 class=\"elementor-heading-title elementor-size-default\">Meeting area<\/h2>\t\t\t\t<\/div>\n\t\t\t\t<div class=\"elementor-element elementor-element-d44dd93 elementor-widget elementor-widget-text-editor\" data-id=\"d44dd93\" data-element_type=\"widget\" data-widget_type=\"text-editor.default\">\n\t\t\t\t\t\t\t\t\t<p>A space for sharing and casual meetings.<\/p>\t\t\t\t\t\t\t\t<\/div>\n\t\t\t\t<\/div>\n\t\t<div class=\"elementor-element elementor-element-40014c7 e-con-full e-flex e-con e-child\" data-id=\"40014c7\" data-element_type=\"container\">\n\t\t\t\t<div class=\"elementor-element elementor-element-63185fe elementor-widget elementor-widget-image\" data-id=\"63185fe\" data-element_type=\"widget\" data-widget_type=\"image.default\">\n\t\t\t\t\t\t\t\t\t\t\t\t\t\t\t<img loading=\"lazy\" decoding=\"async\" width=\"800\" height=\"534\" src=\"https:\/\/bloom-lausanne.ch\/wp-content\/uploads\/2025\/08\/Immedia_BLOOM_V2_Aria-Snaps_067-1024x683.jpg\" class=\"attachment-large size-large wp-image-904\" alt=\"\" srcset=\"https:\/\/bloom-lausanne.ch\/wp-content\/uploads\/2025\/08\/Immedia_BLOOM_V2_Aria-Snaps_067-1024x683.jpg 1024w, https:\/\/bloom-lausanne.ch\/wp-content\/uploads\/2025\/08\/Immedia_BLOOM_V2_Aria-Snaps_067-300x200.jpg 300w, https:\/\/bloom-lausanne.ch\/wp-content\/uploads\/2025\/08\/Immedia_BLOOM_V2_Aria-Snaps_067-768x512.jpg 768w, https:\/\/bloom-lausanne.ch\/wp-content\/uploads\/2025\/08\/Immedia_BLOOM_V2_Aria-Snaps_067.jpg 1200w\" sizes=\"(max-width: 800px) 100vw, 800px\" \/>\t\t\t\t\t\t\t\t\t\t\t\t\t\t\t<\/div>\n\t\t\t\t<div class=\"elementor-element elementor-element-fb20c5b elementor-widget elementor-widget-heading\" data-id=\"fb20c5b\" data-element_type=\"widget\" data-widget_type=\"heading.default\">\n\t\t\t\t\t<h2 class=\"elementor-heading-title elementor-size-default\">Showers \/ Changing Rooms<\/h2>\t\t\t\t<\/div>\n\t\t\t\t<div class=\"elementor-element elementor-element-e0ba16f elementor-widget elementor-widget-text-editor\" data-id=\"e0ba16f\" data-element_type=\"widget\" data-widget_type=\"text-editor.default\">\n\t\t\t\t\t\t\t\t\t<p>Bike ride, running at lunchtime. Always work feeling refreshed and alert!<\/p>\t\t\t\t\t\t\t\t<\/div>\n\t\t\t\t<\/div>\n\t\t<div class=\"elementor-element elementor-element-3390f65 e-con-full e-flex e-con e-child\" data-id=\"3390f65\" data-element_type=\"container\">\n\t\t\t\t<div class=\"elementor-element elementor-element-08f2b1b elementor-widget elementor-widget-image\" data-id=\"08f2b1b\" data-element_type=\"widget\" data-widget_type=\"image.default\">\n\t\t\t\t\t\t\t\t\t\t\t\t\t\t\t<img loading=\"lazy\" decoding=\"async\" width=\"800\" height=\"534\" src=\"https:\/\/bloom-lausanne.ch\/wp-content\/uploads\/2025\/08\/Immedia_BLOOM_V2_Aria-Snaps_128-1024x683.jpg\" class=\"attachment-large size-large wp-image-1026\" alt=\"\" srcset=\"https:\/\/bloom-lausanne.ch\/wp-content\/uploads\/2025\/08\/Immedia_BLOOM_V2_Aria-Snaps_128-1024x683.jpg 1024w, https:\/\/bloom-lausanne.ch\/wp-content\/uploads\/2025\/08\/Immedia_BLOOM_V2_Aria-Snaps_128-300x200.jpg 300w, https:\/\/bloom-lausanne.ch\/wp-content\/uploads\/2025\/08\/Immedia_BLOOM_V2_Aria-Snaps_128-768x512.jpg 768w, https:\/\/bloom-lausanne.ch\/wp-content\/uploads\/2025\/08\/Immedia_BLOOM_V2_Aria-Snaps_128.jpg 1200w\" sizes=\"(max-width: 800px) 100vw, 800px\" \/>\t\t\t\t\t\t\t\t\t\t\t\t\t\t\t<\/div>\n\t\t\t\t<div class=\"elementor-element elementor-element-a966092 elementor-widget elementor-widget-heading\" data-id=\"a966092\" data-element_type=\"widget\" data-widget_type=\"heading.default\">\n\t\t\t\t\t<h2 class=\"elementor-heading-title elementor-size-default\">Coffee shop and grocery store<\/h2>\t\t\t\t<\/div>\n\t\t\t\t<div class=\"elementor-element elementor-element-876d5e4 elementor-widget elementor-widget-text-editor\" data-id=\"876d5e4\" data-element_type=\"widget\" data-widget_type=\"text-editor.default\">\n\t\t\t\t\t\t\t\t\t<p>Coffee and croissants in the morning, repairs during the day, always available to serve you!<\/p>\t\t\t\t\t\t\t\t<\/div>\n\t\t\t\t<\/div>\n\t\t<div class=\"elementor-element elementor-element-ad5796e e-con-full e-flex e-con e-child\" data-id=\"ad5796e\" data-element_type=\"container\">\n\t\t\t\t<div class=\"elementor-element elementor-element-1b29719 elementor-widget elementor-widget-heading\" data-id=\"1b29719\" data-element_type=\"widget\" data-widget_type=\"heading.default\">\n\t\t\t\t\t<h2 class=\"elementor-heading-title elementor-size-default\">As well as restaurants, fitness centers, and much more...<\/h2>\t\t\t\t<\/div>\n\t\t\t\t<div class=\"elementor-element elementor-element-8e7d069 elementor-align-center elementor-widget__width-auto elementor-widget elementor-widget-button\" data-id=\"8e7d069\" data-element_type=\"widget\" data-widget_type=\"button.default\">\n\t\t\t\t\t\t\t\t\t\t<a class=\"elementor-button elementor-button-link elementor-size-sm\" href=\"#elementor-action%3Aaction%3Dpopup%3Aopen%26settings%3DeyJpZCI6MzYxLCJ0b2dnbGUiOmZhbHNlfQ%3D%3D\">\n\t\t\t\t\t\t<span class=\"elementor-button-content-wrapper\">\n\t\t\t\t\t\t\t\t\t<span class=\"elementor-button-text\">Request a tour and find out more!<\/span>\n\t\t\t\t\t<\/span>\n\t\t\t\t\t<\/a>\n\t\t\t\t\t\t\t\t<\/div>\n\t\t\t\t<\/div>\n\t\t\t\t<\/div>\n\t\t<div class=\"elementor-element elementor-element-db26150 e-con-full e-flex e-con e-parent\" data-id=\"db26150\" data-element_type=\"container\" data-settings=\"{&quot;background_background&quot;:&quot;classic&quot;}\">\n\t\t\t\t<div class=\"elementor-element elementor-element-067a0bd elementor-invisible elementor-widget elementor-widget-text-editor\" data-id=\"067a0bd\" data-element_type=\"widget\" data-settings=\"{&quot;_animation&quot;:&quot;fadeIn&quot;}\" data-widget_type=\"text-editor.default\">\n\t\t\t\t\t\t\t\t\t<p>Enjoy independence and benefit from a fully equipped office and ad hoc services.<\/p>\t\t\t\t\t\t\t\t<\/div>\n\t\t\t\t<\/div>\n\t\t\t\t<\/div>\n\t\t","protected":false},"excerpt":{"rendered":"<p>All the comforts Are you self-employed, in the start-up phase, or in transition, and would you like to have access to a fully equipped office, meeting rooms, and services to facilitate your work? Vous \u00eates travailleur ind\u00e9pendant, en phase de d\u00e9marrage ou en transition, et vous souhaitez avoir acc\u00e8s \u00e0 un bureau enti\u00e8rement \u00e9quip\u00e9, \u00e0 [&hellip;]<\/p>\n","protected":false},"author":1,"featured_media":0,"parent":0,"menu_order":0,"comment_status":"closed","ping_status":"closed","template":"","meta":{"footnotes":""},"class_list":["post-1290","page","type-page","status-publish","hentry"],"_links":{"self":[{"href":"https:\/\/bloom-lausanne.ch\/en\/wp-json\/wp\/v2\/pages\/1290","targetHints":{"allow":["GET"]}}],"collection":[{"href":"https:\/\/bloom-lausanne.ch\/en\/wp-json\/wp\/v2\/pages"}],"about":[{"href":"https:\/\/bloom-lausanne.ch\/en\/wp-json\/wp\/v2\/types\/page"}],"author":[{"embeddable":true,"href":"https:\/\/bloom-lausanne.ch\/en\/wp-json\/wp\/v2\/users\/1"}],"replies":[{"embeddable":true,"href":"https:\/\/bloom-lausanne.ch\/en\/wp-json\/wp\/v2\/comments?post=1290"}],"version-history":[{"count":5,"href":"https:\/\/bloom-lausanne.ch\/en\/wp-json\/wp\/v2\/pages\/1290\/revisions"}],"predecessor-version":[{"id":1380,"href":"https:\/\/bloom-lausanne.ch\/en\/wp-json\/wp\/v2\/pages\/1290\/revisions\/1380"}],"wp:attachment":[{"href":"https:\/\/bloom-lausanne.ch\/en\/wp-json\/wp\/v2\/media?parent=1290"}],"curies":[{"name":"wp","href":"https:\/\/api.w.org\/{rel}","templated":true}]}}